{"id":698,"date":"2020-05-09T16:46:40","date_gmt":"2020-05-09T16:46:40","guid":{"rendered":"https:\/\/mensch-musik-therapie.de\/?page_id=698"},"modified":"2022-04-17T20:06:03","modified_gmt":"2022-04-17T20:06:03","slug":"startseite","status":"publish","type":"page","link":"https:\/\/mensch-musik-therapie.de\/","title":{"rendered":"Startseite"},"content":{"rendered":"\t\t<div data-elementor-type=\"wp-post\" data-elementor-id=\"698\" class=\"elementor elementor-698\">\n\t\t\t\t\t\t<section class=\"elementor-section elementor-top-section elementor-element elementor-element-28583f3 elementor-section-full_width elementor-section-stretched animated-slow elementor-hidden-tablet elementor-hidden-phone elementor-section-height-default elementor-section-height-default\" data-id=\"28583f3\" data-element_type=\"section\" data-e-type=\"section\" data-settings=\"{&quot;stretch_section&quot;:&quot;section-stretched&quot;,&quot;animation&quot;:&quot;none&quot;,&quot;background_background&quot;:&quot;classic&quot;}\">\n\t\t\t\t\t\t<div class=\"elementor-container elementor-column-gap-default\">\n\t\t\t\t\t<div class=\"elementor-column elementor-col-100 elementor-top-column elementor-element elementor-element-504407b\" data-id=\"504407b\" data-element_type=\"column\" data-e-type=\"column\">\n\t\t\t<div class=\"elementor-widget-wrap elementor-element-populated\">\n\t\t\t\t\t\t<div class=\"elementor-element elementor-element-b60bf59 elementor-widget elementor-widget-image-gallery\" data-id=\"b60bf59\" data-element_type=\"widget\" data-e-type=\"widget\" data-widget_type=\"image-gallery.default\">\n\t\t\t\t<div class=\"elementor-widget-container\">\n\t\t\t\t\t\t\t<div class=\"elementor-image-gallery\">\n\t\t\t<div id='gallery-1' class='gallery galleryid-698 gallery-columns-3 gallery-size-large'><dl class='gallery-item'>\n\t\t\t<dt class='gallery-icon landscape'>\n\t\t\t\t<a data-elementor-open-lightbox=\"no\" href='https:\/\/mensch-musik-therapie.de\/wp-content\/uploads\/2021\/03\/DSC_0004-3-scaled.jpg'><img fetchpriority=\"high\" decoding=\"async\" width=\"1024\" height=\"685\" src=\"https:\/\/mensch-musik-therapie.de\/wp-content\/uploads\/2021\/03\/DSC_0004-3-1024x685.jpg\" class=\"attachment-large size-large\" alt=\"\" srcset=\"https:\/\/mensch-musik-therapie.de\/wp-content\/uploads\/2021\/03\/DSC_0004-3-1024x685.jpg 1024w, https:\/\/mensch-musik-therapie.de\/wp-content\/uploads\/2021\/03\/DSC_0004-3-300x201.jpg 300w, https:\/\/mensch-musik-therapie.de\/wp-content\/uploads\/2021\/03\/DSC_0004-3-768x514.jpg 768w, https:\/\/mensch-musik-therapie.de\/wp-content\/uploads\/2021\/03\/DSC_0004-3-1536x1028.jpg 1536w, https:\/\/mensch-musik-therapie.de\/wp-content\/uploads\/2021\/03\/DSC_0004-3-2048x1371.jpg 2048w\" sizes=\"(max-width: 1024px) 100vw, 1024px\" \/><\/a>\n\t\t\t<\/dt><\/dl><dl class='gallery-item'>\n\t\t\t<dt class='gallery-icon landscape'>\n\t\t\t\t<a data-elementor-open-lightbox=\"no\" href='https:\/\/mensch-musik-therapie.de\/wp-content\/uploads\/2021\/03\/DSC_0036-scaled.jpg'><img decoding=\"async\" width=\"1024\" height=\"685\" src=\"https:\/\/mensch-musik-therapie.de\/wp-content\/uploads\/2021\/03\/DSC_0036-1024x685.jpg\" class=\"attachment-large size-large\" alt=\"\" srcset=\"https:\/\/mensch-musik-therapie.de\/wp-content\/uploads\/2021\/03\/DSC_0036-1024x685.jpg 1024w, https:\/\/mensch-musik-therapie.de\/wp-content\/uploads\/2021\/03\/DSC_0036-300x201.jpg 300w, https:\/\/mensch-musik-therapie.de\/wp-content\/uploads\/2021\/03\/DSC_0036-768x514.jpg 768w, https:\/\/mensch-musik-therapie.de\/wp-content\/uploads\/2021\/03\/DSC_0036-1536x1028.jpg 1536w, https:\/\/mensch-musik-therapie.de\/wp-content\/uploads\/2021\/03\/DSC_0036-2048x1371.jpg 2048w\" sizes=\"(max-width: 1024px) 100vw, 1024px\" \/><\/a>\n\t\t\t<\/dt><\/dl><dl class='gallery-item'>\n\t\t\t<dt class='gallery-icon landscape'>\n\t\t\t\t<a data-elementor-open-lightbox=\"no\" href='https:\/\/mensch-musik-therapie.de\/wp-content\/uploads\/2021\/03\/DSC_0045-2-scaled.jpg'><img decoding=\"async\" width=\"1024\" height=\"685\" src=\"https:\/\/mensch-musik-therapie.de\/wp-content\/uploads\/2021\/03\/DSC_0045-2-1024x685.jpg\" class=\"attachment-large size-large\" alt=\"\" srcset=\"https:\/\/mensch-musik-therapie.de\/wp-content\/uploads\/2021\/03\/DSC_0045-2-1024x685.jpg 1024w, https:\/\/mensch-musik-therapie.de\/wp-content\/uploads\/2021\/03\/DSC_0045-2-300x201.jpg 300w, https:\/\/mensch-musik-therapie.de\/wp-content\/uploads\/2021\/03\/DSC_0045-2-768x514.jpg 768w, https:\/\/mensch-musik-therapie.de\/wp-content\/uploads\/2021\/03\/DSC_0045-2-1536x1028.jpg 1536w, https:\/\/mensch-musik-therapie.de\/wp-content\/uploads\/2021\/03\/DSC_0045-2-2048x1371.jpg 2048w\" sizes=\"(max-width: 1024px) 100vw, 1024px\" \/><\/a>\n\t\t\t<\/dt><\/dl><br style=\"clear: both\" \/>\n\t\t<\/div>\n\t\t<\/div>\n\t\t\t\t\t\t<\/div>\n\t\t\t\t<\/div>\n\t\t\t\t\t<\/div>\n\t\t<\/div>\n\t\t\t\t\t<\/div>\n\t\t<\/section>\n\t\t\t\t<section class=\"elementor-section elementor-top-section elementor-element elementor-element-31fbc7c elementor-section-full_width elementor-section-stretched animated-slow elementor-hidden-desktop elementor-section-height-default elementor-section-height-default\" data-id=\"31fbc7c\" data-element_type=\"section\" data-e-type=\"section\" data-settings=\"{&quot;stretch_section&quot;:&quot;section-stretched&quot;,&quot;animation&quot;:&quot;none&quot;,&quot;background_background&quot;:&quot;classic&quot;,&quot;animation_mobile&quot;:&quot;none&quot;}\">\n\t\t\t\t\t\t<div class=\"elementor-container elementor-column-gap-default\">\n\t\t\t\t\t<div class=\"elementor-column elementor-col-100 elementor-top-column elementor-element elementor-element-928f6f8\" data-id=\"928f6f8\" data-element_type=\"column\" data-e-type=\"column\">\n\t\t\t<div class=\"elementor-widget-wrap elementor-element-populated\">\n\t\t\t\t\t\t<div class=\"elementor-element elementor-element-25f8290 elementor-widget elementor-widget-image-gallery\" data-id=\"25f8290\" data-element_type=\"widget\" data-e-type=\"widget\" data-widget_type=\"image-gallery.default\">\n\t\t\t\t<div class=\"elementor-widget-container\">\n\t\t\t\t\t\t\t<div class=\"elementor-image-gallery\">\n\t\t\t<div id='gallery-2' class='gallery galleryid-698 gallery-columns-1 gallery-size-large'><dl class='gallery-item'>\n\t\t\t<dt class='gallery-icon landscape'>\n\t\t\t\t<a data-elementor-open-lightbox=\"no\" href='https:\/\/mensch-musik-therapie.de\/wp-content\/uploads\/2021\/03\/DSC_0004-3-scaled.jpg'><img fetchpriority=\"high\" decoding=\"async\" width=\"1024\" height=\"685\" src=\"https:\/\/mensch-musik-therapie.de\/wp-content\/uploads\/2021\/03\/DSC_0004-3-1024x685.jpg\" class=\"attachment-large size-large\" alt=\"\" srcset=\"https:\/\/mensch-musik-therapie.de\/wp-content\/uploads\/2021\/03\/DSC_0004-3-1024x685.jpg 1024w, https:\/\/mensch-musik-therapie.de\/wp-content\/uploads\/2021\/03\/DSC_0004-3-300x201.jpg 300w, https:\/\/mensch-musik-therapie.de\/wp-content\/uploads\/2021\/03\/DSC_0004-3-768x514.jpg 768w, https:\/\/mensch-musik-therapie.de\/wp-content\/uploads\/2021\/03\/DSC_0004-3-1536x1028.jpg 1536w, https:\/\/mensch-musik-therapie.de\/wp-content\/uploads\/2021\/03\/DSC_0004-3-2048x1371.jpg 2048w\" sizes=\"(max-width: 1024px) 100vw, 1024px\" \/><\/a>\n\t\t\t<\/dt><\/dl><br style=\"clear: both\" \/>\n\t\t<\/div>\n\t\t<\/div>\n\t\t\t\t\t\t<\/div>\n\t\t\t\t<\/div>\n\t\t\t\t\t<\/div>\n\t\t<\/div>\n\t\t\t\t\t<\/div>\n\t\t<\/section>\n\t\t\t\t<section class=\"elementor-section elementor-top-section elementor-element elementor-element-aeea604 elementor-section-full_width elementor-section-stretched elementor-section-height-min-height elementor-section-height-default elementor-section-items-middle\" data-id=\"aeea604\" data-element_type=\"section\" data-e-type=\"section\" data-settings=\"{&quot;stretch_section&quot;:&quot;section-stretched&quot;,&quot;background_background&quot;:&quot;classic&quot;}\">\n\t\t\t\t\t\t<div class=\"elementor-container elementor-column-gap-default\">\n\t\t\t\t\t<div class=\"elementor-column elementor-col-100 elementor-top-column elementor-element elementor-element-2f51a77\" data-id=\"2f51a77\" data-element_type=\"column\" data-e-type=\"column\">\n\t\t\t<div class=\"elementor-widget-wrap elementor-element-populated\">\n\t\t\t\t\t\t<div class=\"elementor-element elementor-element-9be6b03 elementor-widget elementor-widget-heading\" data-id=\"9be6b03\" data-element_type=\"widget\" data-e-type=\"widget\" data-widget_type=\"heading.default\">\n\t\t\t\t<div class=\"elementor-widget-container\">\n\t\t\t\t\t<h2 class=\"elementor-heading-title elementor-size-default\">\u00bb Musik dr\u00fcckt aus, was nicht gesagt werden kann und wor\u00fcber zu schweigen unm\u00f6glich ist. \u00ab<\/h2>\t\t\t\t<\/div>\n\t\t\t\t<\/div>\n\t\t\t\t<div class=\"elementor-element elementor-element-04dc8e2 elementor-widget elementor-widget-heading\" data-id=\"04dc8e2\" data-element_type=\"widget\" data-e-type=\"widget\" data-widget_type=\"heading.default\">\n\t\t\t\t<div class=\"elementor-widget-container\">\n\t\t\t\t\t<h2 class=\"elementor-heading-title elementor-size-medium\">Victor Hugo<\/h2>\t\t\t\t<\/div>\n\t\t\t\t<\/div>\n\t\t\t\t\t<\/div>\n\t\t<\/div>\n\t\t\t\t\t<\/div>\n\t\t<\/section>\n\t\t\t\t<section class=\"elementor-section elementor-top-section elementor-element elementor-element-02d9de8 elementor-section-full_width elementor-section-stretched elementor-section-height-default elementor-section-height-default\" data-id=\"02d9de8\" data-element_type=\"section\" data-e-type=\"section\" data-settings=\"{&quot;stretch_section&quot;:&quot;section-stretched&quot;,&quot;background_background&quot;:&quot;classic&quot;}\">\n\t\t\t\t\t\t<div class=\"elementor-container elementor-column-gap-default\">\n\t\t\t\t\t<div class=\"elementor-column elementor-col-33 elementor-top-column elementor-element elementor-element-add5cda\" data-id=\"add5cda\" data-element_type=\"column\" data-e-type=\"column\">\n\t\t\t<div class=\"elementor-widget-wrap elementor-element-populated\">\n\t\t\t\t\t\t<div class=\"elementor-element elementor-element-65ebd38 elementor-align-justify elementor-mobile-align-justify elementor-widget elementor-widget-button\" data-id=\"65ebd38\" data-element_type=\"widget\" data-e-type=\"widget\" data-widget_type=\"button.default\">\n\t\t\t\t<div class=\"elementor-widget-container\">\n\t\t\t\t\t\t\t\t\t<div class=\"elementor-button-wrapper\">\n\t\t\t\t\t<a class=\"elementor-button elementor-button-link elementor-size-md\" href=\"https:\/\/mensch-musik-therapie.de\/?page_id=756\">\n\t\t\t\t\t\t<span class=\"elementor-button-content-wrapper\">\n\t\t\t\t\t\t<span class=\"elementor-button-icon\">\n\t\t\t\t<i aria-hidden=\"true\" class=\"fas fa-user\"><\/i>\t\t\t<\/span>\n\t\t\t\t\t\t\t\t\t<span class=\"elementor-button-text\">\u00dcber mich<\/span>\n\t\t\t\t\t<\/span>\n\t\t\t\t\t<\/a>\n\t\t\t\t<\/div>\n\t\t\t\t\t\t\t\t<\/div>\n\t\t\t\t<\/div>\n\t\t\t\t\t<\/div>\n\t\t<\/div>\n\t\t\t\t<div class=\"elementor-column elementor-col-33 elementor-top-column elementor-element elementor-element-8ccfa44\" data-id=\"8ccfa44\" data-element_type=\"column\" data-e-type=\"column\">\n\t\t\t<div class=\"elementor-widget-wrap elementor-element-populated\">\n\t\t\t\t\t\t<div class=\"elementor-element elementor-element-14f15a2 elementor-align-justify elementor-mobile-align-justify elementor-widget elementor-widget-button\" data-id=\"14f15a2\" data-element_type=\"widget\" data-e-type=\"widget\" data-widget_type=\"button.default\">\n\t\t\t\t<div class=\"elementor-widget-container\">\n\t\t\t\t\t\t\t\t\t<div class=\"elementor-button-wrapper\">\n\t\t\t\t\t<a class=\"elementor-button elementor-button-link elementor-size-md\" href=\"https:\/\/mensch-musik-therapie.de\/?page_id=782\">\n\t\t\t\t\t\t<span class=\"elementor-button-content-wrapper\">\n\t\t\t\t\t\t<span class=\"elementor-button-icon\">\n\t\t\t\t<i aria-hidden=\"true\" class=\"fas fa-music\"><\/i>\t\t\t<\/span>\n\t\t\t\t\t\t\t\t\t<span class=\"elementor-button-text\">Musiktherapie<\/span>\n\t\t\t\t\t<\/span>\n\t\t\t\t\t<\/a>\n\t\t\t\t<\/div>\n\t\t\t\t\t\t\t\t<\/div>\n\t\t\t\t<\/div>\n\t\t\t\t\t<\/div>\n\t\t<\/div>\n\t\t\t\t<div class=\"elementor-column elementor-col-33 elementor-top-column elementor-element elementor-element-2841d01\" data-id=\"2841d01\" data-element_type=\"column\" data-e-type=\"column\">\n\t\t\t<div class=\"elementor-widget-wrap elementor-element-populated\">\n\t\t\t\t\t\t<div class=\"elementor-element elementor-element-571e462 elementor-align-justify elementor-mobile-align-justify elementor-widget__width-inherit elementor-widget elementor-widget-button\" data-id=\"571e462\" data-element_type=\"widget\" data-e-type=\"widget\" data-widget_type=\"button.default\">\n\t\t\t\t<div class=\"elementor-widget-container\">\n\t\t\t\t\t\t\t\t\t<div class=\"elementor-button-wrapper\">\n\t\t\t\t\t<a class=\"elementor-button elementor-button-link elementor-size-md\" href=\"https:\/\/mensch-musik-therapie.de\/?page_id=766\">\n\t\t\t\t\t\t<span class=\"elementor-button-content-wrapper\">\n\t\t\t\t\t\t<span class=\"elementor-button-icon\">\n\t\t\t\t<i aria-hidden=\"true\" class=\"fas fa-envelope\"><\/i>\t\t\t<\/span>\n\t\t\t\t\t\t\t\t\t<span class=\"elementor-button-text\">Kontakt<\/span>\n\t\t\t\t\t<\/span>\n\t\t\t\t\t<\/a>\n\t\t\t\t<\/div>\n\t\t\t\t\t\t\t\t<\/div>\n\t\t\t\t<\/div>\n\t\t\t\t\t<\/div>\n\t\t<\/div>\n\t\t\t\t\t<\/div>\n\t\t<\/section>\n\t\t\t\t<\/div>\n\t\t","protected":false},"excerpt":{"rendered":"<p>\u00bb Musik dr\u00fcckt aus, was nicht gesagt werden kann und wor\u00fcber zu schweigen unm\u00f6glich ist. \u00ab Victor Hugo \u00dcber mich Musiktherapie Kontakt<\/p>\n","protected":false},"author":1,"featured_media":0,"parent":0,"menu_order":0,"comment_status":"closed","ping_status":"closed","template":"","meta":{"neve_meta_sidebar":"full-width","neve_meta_container":"","neve_meta_enable_content_width":"on","neve_meta_content_width":100,"neve_meta_title_alignment":"","neve_meta_author_avatar":"","neve_post_elements_order":"","neve_meta_disable_header":"","neve_meta_disable_footer":"","neve_meta_disable_title":"on","footnotes":""},"class_list":["post-698","page","type-page","status-publish","hentry"],"_links":{"self":[{"href":"https:\/\/mensch-musik-therapie.de\/index.php?rest_route=\/wp\/v2\/pages\/698","targetHints":{"allow":["GET"]}}],"collection":[{"href":"https:\/\/mensch-musik-therapie.de\/index.php?rest_route=\/wp\/v2\/pages"}],"about":[{"href":"https:\/\/mensch-musik-therapie.de\/index.php?rest_route=\/wp\/v2\/types\/page"}],"author":[{"embeddable":true,"href":"https:\/\/mensch-musik-therapie.de\/index.php?rest_route=\/wp\/v2\/users\/1"}],"replies":[{"embeddable":true,"href":"https:\/\/mensch-musik-therapie.de\/index.php?rest_route=%2Fwp%2Fv2%2Fcomments&post=698"}],"version-history":[{"count":94,"href":"https:\/\/mensch-musik-therapie.de\/index.php?rest_route=\/wp\/v2\/pages\/698\/revisions"}],"predecessor-version":[{"id":1039,"href":"https:\/\/mensch-musik-therapie.de\/index.php?rest_route=\/wp\/v2\/pages\/698\/revisions\/1039"}],"wp:attachment":[{"href":"https:\/\/mensch-musik-therapie.de\/index.php?rest_route=%2Fwp%2Fv2%2Fmedia&parent=698"}],"curies":[{"name":"wp","href":"https:\/\/api.w.org\/{rel}","templated":true}]}}